{"id":1072,"date":"2016-03-08T19:33:47","date_gmt":"2016-03-08T19:33:47","guid":{"rendered":"https:\/\/carglasscomunicacion.es\/?page_id=1072"},"modified":"2016-04-11T08:50:50","modified_gmt":"2016-04-11T08:50:50","slug":"diasolidario","status":"publish","type":"page","link":"https:\/\/www.carglass.es\/blog\/diasolidario\/","title":{"rendered":"\u00a1Ap\u00fantante al D\u00eda Solidario Carglass<sup>\u00ae<\/sup>!"},"content":{"rendered":"<p><img loading=\"lazy\" decoding=\"async\" class=\"aligncenter wp-image-1163 size-full\" src=\"https:\/\/carglasscomunicacion.es\/wp-content\/uploads\/2016\/03\/CARTEL-SOB.jpg.webp\" alt=\"CARTEL SOB\" width=\"1391\" height=\"2082\" \/>\\r\\n\\r\\n&nbsp;\\r\\n\\r\\n&nbsp;\\r\\n<\/p>\n<h2>\u00bfQuieres pasar un d\u00eda divertido y adem\u00e1s solidario?<\/h2>\n<p>\\r\\n\u00a1Ven al D\u00eda Solidario Carglass<sup>\u00ae<\/sup> y divi\u00e9rtete con todas las actividades que hemos preparado para ti!\\r\\n\\r\\nConfirma tu asistencia y la de tus acompa\u00f1antes en el siguiente formulario&#8230; \u00a1ANTES DEL 8 DE MAYO!\\r\\nY no te olvides de indicar cu\u00e1ntos men\u00fas de adulto y de ni\u00f1o quieres reservar.<\/p>\n","protected":false},"excerpt":{"rendered":"<p>\\r\\n\\r\\n&nbsp;\\r\\n\\r\\n&nbsp;\\r\\n \u00bfQuieres pasar un d\u00eda divertido y adem\u00e1s solidario? \\r\\n\u00a1Ven al D\u00eda Solidario Carglass<sup>\u00ae<\/sup> y divi\u00e9rtete con todas las actividades que hemos preparado para ti!\\r\\n\\r\\nConfirma tu asistencia y la de tus acompa\u00f1antes en el siguiente formulario&#8230; \u00a1ANTES DEL 8 DE MAYO!\\r\\nY no te olvides de indicar cu\u00e1ntos men\u00fas de adulto y de ni\u00f1o quieres reservar.<\/p>\n","protected":false},"author":21,"featured_media":0,"parent":0,"menu_order":0,"comment_status":"closed","ping_status":"closed","template":"","meta":{"_acf_changed":false,"site-sidebar-layout":"default","site-content-layout":"","ast-site-content-layout":"default","site-content-style":"default","site-sidebar-style":"default","ast-global-header-display":"","ast-banner-title-visibility":"","ast-main-header-display":"","ast-hfb-above-header-display":"","ast-hfb-below-header-display":"","ast-hfb-mobile-header-display":"","site-post-title":"","ast-breadcrumbs-content":"","ast-featured-img":"","footer-sml-layout":"","ast-disable-related-posts":"","theme-transparent-header-meta":"","adv-header-id-meta":"","stick-header-meta":"","header-above-stick-meta":"","header-main-stick-meta":"","header-below-stick-meta":"","astra-migrate-meta-layouts":"default","ast-page-background-enabled":"default","ast-page-background-meta":{"desktop":{"background-color":"var(--ast-global-color-4)","background-image":"","background-repeat":"repeat","background-position":"center center","background-size":"auto","background-attachment":"scroll","background-type":"","background-media":"","overlay-type":"","overlay-color":"","overlay-opacity":"","overlay-gradient":""},"tablet":{"background-color":"","background-image":"","background-repeat":"repeat","background-position":"center center","background-size":"auto","background-attachment":"scroll","background-type":"","background-media":"","overlay-type":"","overlay-color":"","overlay-opacity":"","overlay-gradient":""},"mobile":{"background-color":"","background-image":"","background-repeat":"repeat","background-position":"center center","background-size":"auto","background-attachment":"scroll","background-type":"","background-media":"","overlay-type":"","overlay-color":"","overlay-opacity":"","overlay-gradient":""}},"ast-content-background-meta":{"desktop":{"background-color":"var(--ast-global-color-5)","background-image":"","background-repeat":"repeat","background-position":"center center","background-size":"auto","background-attachment":"scroll","background-type":"","background-media":"","overlay-type":"","overlay-color":"","overlay-opacity":"","overlay-gradient":""},"tablet":{"background-color":"var(--ast-global-color-5)","background-image":"","background-repeat":"repeat","background-position":"center center","background-size":"auto","background-attachment":"scroll","background-type":"","background-media":"","overlay-type":"","overlay-color":"","overlay-opacity":"","overlay-gradient":""},"mobile":{"background-color":"var(--ast-global-color-5)","background-image":"","background-repeat":"repeat","background-position":"center center","background-size":"auto","background-attachment":"scroll","background-type":"","background-media":"","overlay-type":"","overlay-color":"","overlay-opacity":"","overlay-gradient":""}},"footnotes":""},"class_list":["post-1072","page","type-page","status-publish","hentry"],"acf":[],"_links":{"self":[{"href":"https:\/\/www.carglass.es\/blog\/wp-json\/wp\/v2\/pages\/1072","targetHints":{"allow":["GET"]}}],"collection":[{"href":"https:\/\/www.carglass.es\/blog\/wp-json\/wp\/v2\/pages"}],"about":[{"href":"https:\/\/www.carglass.es\/blog\/wp-json\/wp\/v2\/types\/page"}],"author":[{"embeddable":true,"href":"https:\/\/www.carglass.es\/blog\/wp-json\/wp\/v2\/users\/21"}],"replies":[{"embeddable":true,"href":"https:\/\/www.carglass.es\/blog\/wp-json\/wp\/v2\/comments?post=1072"}],"version-history":[{"count":20,"href":"https:\/\/www.carglass.es\/blog\/wp-json\/wp\/v2\/pages\/1072\/revisions"}],"predecessor-version":[{"id":10157,"href":"https:\/\/www.carglass.es\/blog\/wp-json\/wp\/v2\/pages\/1072\/revisions\/10157"}],"wp:attachment":[{"href":"https:\/\/www.carglass.es\/blog\/wp-json\/wp\/v2\/media?parent=1072"}],"curies":[{"name":"wp","href":"https:\/\/api.w.org\/{rel}","templated":true}]}}